{"id":4605,"date":"2024-12-19T12:36:13","date_gmt":"2024-12-19T12:36:13","guid":{"rendered":"https:\/\/agenciafever.com\/?page_id=4605"},"modified":"2025-01-08T13:52:15","modified_gmt":"2025-01-08T13:52:15","slug":"politica-de-redes-sociales","status":"publish","type":"page","link":"https:\/\/agenciafever.com\/ca\/politica-de-redes-sociales\/","title":{"rendered":"Pol\u00edtica de xarxes socials"},"content":{"rendered":"<p>_______________________________________________________________________________________________<\/p>\n\n\n\n<p>Es informa que <strong>AGENCIA FEVER <\/strong>pot tenir pres\u00e8ncia a les xarxes socials i, el lloc web, pot oferir enlla\u00e7os a aquestes xarxes socials, professionals i llocs i canals web externs. <strong>AGENCIA FEVER <\/strong>no assumeix cap responsabilitat en relaci\u00f3 amb aquests llocs enlla\u00e7ats. La persona usu\u00e0ria que accedeixi a xarxes socials i llocs i canals web externs, relacionats amb <strong>AGENCIA FEVER<\/strong>, des dels enlla\u00e7os ubicats en aquest lloc web o de qualsevol altra forma, queda pr\u00e8via i expressament informada que les condicions d'\u00fas, pol\u00edtiques de privacitat, pol\u00edtiques de cookies i qualsevols condicions i normatives depenen de les entitats responsables de les dites xarxes socials i llocs i canals web, i mai de <strong>AGENCIA FEVER.<\/strong><\/p>\n\n\n\n<p>El tractament de les dades que es realitzi de les persones que es facin seguidors de les xarxes socials (i\/o realitzin qualsevol vincle o acci\u00f3 de connexi\u00f3 a trav\u00e9s de xarxes socials) de les p\u00e0gines web oficials de <strong>AGENCIA FEVER <\/strong>es regir\u00e0 per aquest apartat, aix\u00ed com per aquelles condicions d'\u00fas, pol\u00edtiques de privacitat i normatives d'acc\u00e9s que pertanyin a la xarxa social que correspongui en cada cas i siguin acceptades pr\u00e8viament per l'usuari.<\/p>\n\n\n\n<p>En registrar-se i\/o subscriure's als perfils de la xarxa social de <strong>AGENCIA FEVER<\/strong>, la persona usu\u00e0ria atorga el seu consentiment express a <strong>AGENCIA FEVER,<\/strong> per al tractament de les seves dades personals d'acord amb aquesta Pol\u00edtica de Privacitat.<\/p>\n\n\n\n<p><strong>AGENCIA FEVER <\/strong>tractar\u00e0 les seves dades amb la finalitat de contactar amb la persona usu\u00e0ria i atendre les consultes i sol\u00b7licituds que formuli, enviar comunicacions informatives i comercials, gestionar esdeveniments, concursos, invitacions, sorteigs i activitats similars, con\u00e8ixer l'opini\u00f3 o valoraci\u00f3 de la persona usu\u00e0ria sobre <strong>AGENCIA FEVER<\/strong> i les seves publicacions, aix\u00ed com gestionar, en general, la pres\u00e8ncia de <strong>AGENCIA FEVER<\/strong> a les xarxes socials i professionals.<\/p>\n\n\n\n<p>Es informa a les persones usu\u00e0ries que les informacions i continguts (dades, textos, v\u00eddeos, so, fotografies, gr\u00e0fics, comentaris, missatges o altres materials) que publiquin a trav\u00e9s de les xarxes socials de <strong>AGENCIA FEVER,<\/strong> (incl\u00f2s, en el seu cas, dades personals) poden quedar a disposici\u00f3 p\u00fablica d'altres persones usu\u00e0ries de les xarxes socials i, podran ser visibles, comentades i compartides lliurement pels seus visitants, en els termes que estableixi cada xarxa social.<\/p>\n\n\n\n<p>Des de la configuraci\u00f3 del perfil d'usuari de cada xarxa social, la persona usu\u00e0ria pot configurar quina informaci\u00f3 vol fer p\u00fablica en cada cas, veure els permisos que ha concedit, eliminar-los o desactivar-los, i gestionar les seves publicacions segons el seu criteri i les normes d'utilitzaci\u00f3 de cada xarxa social.<\/p>\n\n\n\n<p>La persona usu\u00e0ria ser\u00e0 l'\u00fanica responsable que les seves publicacions respectin la legislaci\u00f3 vigent, les normes d'\u00fas i pol\u00edtiques de privacitat establertes per la xarxa social corresponent i, <strong>AGENCIA FEVER<\/strong>, en aquest cas, no assumeix cap responsabilitat en relaci\u00f3 amb les publicacions que cada persona usu\u00e0ria realitzi. <strong>AGENCIA FEVER<\/strong> eliminar\u00e0 de forma unilateral i sense previ av\u00eds aquells continguts que consideri que infringeixen la legislaci\u00f3 vigent, les normes d'\u00fas i pol\u00edtiques de privacitat establertes, o que consideri inadequats.<\/p>\n\n\n\n<p>Queda prohibida la publicaci\u00f3 de continguts:<\/p>\n\n\n\n<ul class=\"wp-block-list\">\n<li>Que siguin presumptament il\u00b7legals per a la normativa nacional, comunit\u00e0ria o internacional o que realitzin activitats presumptament il\u00b7legals o contravinguin els principis de la bona fe.<\/li>\n<\/ul>\n\n\n\n<ul class=\"wp-block-list\">\n<li>Que atemptin contra els drets fonamentals de les persones, faltin a la cortesia dins de la xarxa social, molestin o puguin generar opinions negatives dels nostres usuaris o tercers i, en general, qualsevol contingut que <strong>AGENCIA FEVER&nbsp;<\/strong>&nbsp; consideri inapropiat.<\/li>\n<\/ul>\n\n\n\n<ul class=\"wp-block-list\">\n<li>I, en general, que contravinguin els principis de legalitat, honor, responsabilitat, protecci\u00f3 de la dignitat humana, protecci\u00f3 de menors, protecci\u00f3 de l'ordre p\u00fablic, la protecci\u00f3 de la vida privada, la protecci\u00f3 del consumidor i els drets de propietat intel\u00b7lectual i industrial.<\/li>\n<\/ul>\n\n\n\n<p><\/p>\n\n\n\n<p>Aix\u00ed mateix, <strong>AGENCIA FEVER&nbsp;<\/strong>es reserva la potestat de retirar, sense previ av\u00eds, del lloc web o de la xarxa social corporativa aquells continguts que es considerin inapropiats.&nbsp;<\/p>\n\n\n\n<p>En tot cas, si vost\u00e8 remet informaci\u00f3 personal a trav\u00e9s de les xarxes socials, <strong>AGENCIA FEVER <\/strong>quedar\u00e0 exempta de responsabilitat en relaci\u00f3 amb les mesures de seguretat aplicables en aquest lloc web i l'usuari, en cas de con\u00e8ixer-les, ha de consultar les corresponents condicions particulars de la xarxa social en q\u00fcesti\u00f3.<\/p>\n\n\n\n<p>Si la persona usu\u00e0ria vol deixar de seguir els canals oficials en xarxes socials de <strong>AGENCIA FEVER<\/strong>, ha de fer-ho utilitzant les eines disposades a tal efecte per cada xarxa social.<\/p>\n\n\n\n<p><\/p>","protected":false},"excerpt":{"rendered":"<p>_______________________________________________________________________________________________ Se informa que AGENCIA FEVER puede tener presencia en redes sociales y, el Sitio web, puede ofrecer enlaces a estas redes sociales, profesionales y sitios y canales web externos. AGENCIA FEVER no asume ninguna responsabilidad en relaci\u00f3n con estos sitios enlazados. La persona usuaria que acceda a redes sociales y sitios y canales web [&hellip;]<\/p>","protected":false},"author":2,"featured_media":0,"parent":0,"menu_order":0,"comment_status":"closed","ping_status":"closed","template":"","meta":{"footnotes":""},"class_list":["post-4605","page","type-page","status-publish","hentry"],"_links":{"self":[{"href":"https:\/\/agenciafever.com\/ca\/wp-json\/wp\/v2\/pages\/4605","targetHints":{"allow":["GET"]}}],"collection":[{"href":"https:\/\/agenciafever.com\/ca\/wp-json\/wp\/v2\/pages"}],"about":[{"href":"https:\/\/agenciafever.com\/ca\/wp-json\/wp\/v2\/types\/page"}],"author":[{"embeddable":true,"href":"https:\/\/agenciafever.com\/ca\/wp-json\/wp\/v2\/users\/2"}],"replies":[{"embeddable":true,"href":"https:\/\/agenciafever.com\/ca\/wp-json\/wp\/v2\/comments?post=4605"}],"version-history":[{"count":1,"href":"https:\/\/agenciafever.com\/ca\/wp-json\/wp\/v2\/pages\/4605\/revisions"}],"predecessor-version":[{"id":4630,"href":"https:\/\/agenciafever.com\/ca\/wp-json\/wp\/v2\/pages\/4605\/revisions\/4630"}],"wp:attachment":[{"href":"https:\/\/agenciafever.com\/ca\/wp-json\/wp\/v2\/media?parent=4605"}],"curies":[{"name":"wp","href":"https:\/\/api.w.org\/{rel}","templated":true}]}}