{"id":53,"date":"2024-02-26T10:03:01","date_gmt":"2024-02-26T10:03:01","guid":{"rendered":"https:\/\/agenciafever.com\/?page_id=53"},"modified":"2024-04-19T09:51:46","modified_gmt":"2024-04-19T09:51:46","slug":"contacto-partners","status":"publish","type":"page","link":"https:\/\/agenciafever.com\/ca\/contacto-partners\/","title":{"rendered":"Contacto Partners"},"content":{"rendered":"<div data-elementor-type=\"wp-page\" data-elementor-id=\"53\" class=\"elementor elementor-53\" data-elementor-post-type=\"page\">\n\t\t\t\t<div class=\"elementor-element elementor-element-cf4bad1 e-flex e-con-boxed e-con e-parent\" data-id=\"cf4bad1\" data-element_type=\"container\" data-settings=\"{&quot;background_background&quot;:&quot;classic&quot;}\">\n\t\t\t\t\t<div class=\"e-con-inner\">\n\t\t<div class=\"elementor-element elementor-element-71c0e35 e-flex e-con-boxed e-con e-child\" data-id=\"71c0e35\" data-element_type=\"container\">\n\t\t\t\t\t<div class=\"e-con-inner\">\n\t\t\t\t<div class=\"elementor-element elementor-element-46b59f8 elementor-align-left elementor-button-text-tot elementor-widget elementor-widget-button\" data-id=\"46b59f8\" data-element_type=\"widget\" data-widget_type=\"button.default\">\n\t\t\t\t<div class=\"elementor-widget-container\">\n\t\t\t\t\t\t\t\t\t<div class=\"elementor-button-wrapper\">\n\t\t\t\t\t<a class=\"elementor-button elementor-size-sm\" role=\"button\">\n\t\t\t\t\t\t<span class=\"elementor-button-content-wrapper\">\n\t\t\t\t\t\t\t\t\t<span class=\"elementor-button-text\">CONTACTE<\/span>\n\t\t\t\t\t<\/span>\n\t\t\t\t\t<\/a>\n\t\t\t\t<\/div>\n\t\t\t\t\t\t\t\t<\/div>\n\t\t\t\t<\/div>\n\t\t\t\t<div class=\"elementor-element elementor-element-3433f40 elementor-align-left elementor-widget elementor-widget-button\" data-id=\"3433f40\" data-element_type=\"widget\" data-widget_type=\"button.default\">\n\t\t\t\t<div class=\"elementor-widget-container\">\n\t\t\t\t\t\t\t\t\t<div class=\"elementor-button-wrapper\">\n\t\t\t\t\t<a class=\"elementor-button elementor-size-sm\" role=\"button\">\n\t\t\t\t\t\t<span class=\"elementor-button-content-wrapper\">\n\t\t\t\t\t\t\t\t\t<span class=\"elementor-button-text\">Be our Partner! <\/span>\n\t\t\t\t\t<\/span>\n\t\t\t\t\t<\/a>\n\t\t\t\t<\/div>\n\t\t\t\t\t\t\t\t<\/div>\n\t\t\t\t<\/div>\n\t\t\t\t<div class=\"elementor-element elementor-element-e315843 elementor-widget elementor-widget-heading\" data-id=\"e315843\" data-element_type=\"widget\" data-widget_type=\"heading.default\">\n\t\t\t\t<div class=\"elementor-widget-container\">\n\t\t\t\t\t<h2 class=\"elementor-heading-title elementor-size-default\">\u00a1Comparteix la febre creativa! <\/h2>\t\t\t\t<\/div>\n\t\t\t\t<\/div>\n\t\t<div class=\"elementor-element elementor-element-2e9a2e0 e-flex e-con-boxed e-con e-child\" data-id=\"2e9a2e0\" data-element_type=\"container\">\n\t\t\t\t\t<div class=\"e-con-inner\">\n\t\t\t\t<div class=\"elementor-element elementor-element-aef79cc elementor-widget elementor-widget-text-editor\" data-id=\"aef79cc\" data-element_type=\"widget\" data-widget_type=\"text-editor.default\">\n\t\t\t\t<div class=\"elementor-widget-container\">\n\t\t\t\t\t\t\t\t\tEstem orgullosos de crear i formar part d'un ecosistema de persones amb un gran talent i amb les quals no nom\u00e9s compartim amistat, inquietuds i curiositat pel m\u00f3n que ens envolta, sin\u00f3 que a m\u00e9s compartim una \u00fanica forma de pensar, una \u00fanica visi\u00f3 que ens permet oferir uns serveis amb uns alts est\u00e0ndards de qualitat en cada idea i en cada projecte. \t\t\t\t\t\t\t\t<\/div>\n\t\t\t\t<\/div>\n\t\t\t\t<div class=\"elementor-element elementor-element-8e214d0 elementor-align-left elementor-widget elementor-widget-button\" data-id=\"8e214d0\" data-element_type=\"widget\" data-widget_type=\"button.default\">\n\t\t\t\t<div class=\"elementor-widget-container\">\n\t\t\t\t\t\t\t\t\t<div class=\"elementor-button-wrapper\">\n\t\t\t\t\t<a class=\"elementor-button elementor-button-link elementor-size-sm elementor-animation-grow\" href=\"#elementor-action%3Aaction%3Dpopup%3Aopen%26settings%3DeyJpZCI6IjE5ODIiLCJ0b2dnbGUiOmZhbHNlfQ%3D%3D\">\n\t\t\t\t\t\t<span class=\"elementor-button-content-wrapper\">\n\t\t\t\t\t\t\t\t\t<span class=\"elementor-button-text\">\u00a1Vull ser Degree! <\/span>\n\t\t\t\t\t<\/span>\n\t\t\t\t\t<\/a>\n\t\t\t\t<\/div>\n\t\t\t\t\t\t\t\t<\/div>\n\t\t\t\t<\/div>\n\t\t\t\t\t<\/div>\n\t\t\t\t<\/div>\n\t\t\t\t\t<\/div>\n\t\t\t\t<\/div>\n\t\t\t\t\t<\/div>\n\t\t\t\t<\/div>\n\t\t<div class=\"elementor-element elementor-element-12eb527 e-con-full e-flex e-con e-parent\" data-id=\"12eb527\" data-element_type=\"container\" data-settings=\"{&quot;background_background&quot;:&quot;video&quot;,&quot;background_video_link&quot;:&quot;https:\\\/\\\/agenciafever.com\\\/wp-content\\\/uploads\\\/2024\\\/04\\\/portada_contacto.mp4&quot;,&quot;background_play_on_mobile&quot;:&quot;yes&quot;}\">\n\t\t<div class=\"elementor-background-video-container\">\n\t\t\t\t\t\t\t<video class=\"elementor-background-video-hosted\" autoplay muted playsinline loop><\/video>\n\t\t\t\t\t<\/div><div class=\"elementor-element elementor-element-62f6ea0 e-flex e-con-boxed e-con e-child\" data-id=\"62f6ea0\" data-element_type=\"container\">\n\t\t\t\t\t<div class=\"e-con-inner\">\n\t\t\t\t<div class=\"elementor-element elementor-element-1f9866d elementor-widget elementor-widget-image\" data-id=\"1f9866d\" data-element_type=\"widget\" data-settings=\"{&quot;motion_fx_motion_fx_scrolling&quot;:&quot;yes&quot;,&quot;motion_fx_translateY_effect&quot;:&quot;yes&quot;,&quot;motion_fx_translateY_speed&quot;:{&quot;unit&quot;:&quot;px&quot;,&quot;size&quot;:2,&quot;sizes&quot;:[]},&quot;motion_fx_translateY_affectedRange&quot;:{&quot;unit&quot;:&quot;%&quot;,&quot;size&quot;:&quot;&quot;,&quot;sizes&quot;:{&quot;start&quot;:21,&quot;end&quot;:78}},&quot;motion_fx_devices&quot;:[&quot;desktop&quot;,&quot;tablet&quot;,&quot;mobile&quot;]}\" data-widget_type=\"image.default\">\n\t\t\t\t<div class=\"elementor-widget-container\">\n\t\t\t\t\t\t\t\t\t\t\t\t\t\t\t<img fetchpriority=\"high\" decoding=\"async\" width=\"1000\" height=\"1000\" src=\"https:\/\/agenciafever.com\/wp-content\/uploads\/2024\/03\/Sello_completo_glitch.gif\" class=\"attachment-full size-full wp-image-2409\" alt=\"\" \/>\t\t\t\t\t\t\t\t\t\t\t\t\t\t\t<\/div>\n\t\t\t\t<\/div>\n\t\t\t\t\t<\/div>\n\t\t\t\t<\/div>\n\t\t\t\t<\/div>\n\t\t<div class=\"elementor-element elementor-element-7dced00 sliding-text2 e-con-full e-flex e-con e-parent\" data-id=\"7dced00\" data-element_type=\"container\" data-settings=\"{&quot;background_background&quot;:&quot;classic&quot;}\">\n\t\t<div class=\"elementor-element elementor-element-e21e08c e-con-full e-flex e-con e-child\" data-id=\"e21e08c\" data-element_type=\"container\">\n\t\t\t\t<div class=\"elementor-element elementor-element-05477d3 elementor-widget elementor-widget-heading\" data-id=\"05477d3\" data-element_type=\"widget\" data-widget_type=\"heading.default\">\n\t\t\t\t<div class=\"elementor-widget-container\">\n\t\t\t\t\t<h4 class=\"elementor-heading-title elementor-size-default\">Creativitat . <span class=\"contorno_n\"> Estrat\u00e8gia <\/span>  . Producci\u00f3 . <span class=\"contorno_n\"> Mitjans <\/span> . Dades . <span class=\"contorno_n\"> Community Management <\/span> . Consultoria de Comunicaci\u00f3 . <span class=\"contorno_n\"> Intel\u00b7lig\u00e8ncia Artificial <\/span> .<\/h4>\t\t\t\t<\/div>\n\t\t\t\t<\/div>\n\t\t\t\t<\/div>\n\t\t\t\t<\/div>\n\t\t\t\t<\/div>","protected":false},"excerpt":{"rendered":"<p>CONTACTO Be our Partner! \u00a1Comparte la fiebre creativa! Estamos orgullosos de crear y formar parte de un ecosistema de personas con un gran talento y con las que no s\u00f3lo compartimos amistad, inquietudes y curiosidad por el mundo que nos rodea, sino que adem\u00e1s compartimos una \u00fanica forma de pensar, una \u00fanica visi\u00f3n que nos [&hellip;]<\/p>","protected":false},"author":2,"featured_media":0,"parent":0,"menu_order":0,"comment_status":"closed","ping_status":"closed","template":"elementor_header_footer","meta":{"footnotes":""},"class_list":["post-53","page","type-page","status-publish","hentry"],"_links":{"self":[{"href":"https:\/\/agenciafever.com\/ca\/wp-json\/wp\/v2\/pages\/53","targetHints":{"allow":["GET"]}}],"collection":[{"href":"https:\/\/agenciafever.com\/ca\/wp-json\/wp\/v2\/pages"}],"about":[{"href":"https:\/\/agenciafever.com\/ca\/wp-json\/wp\/v2\/types\/page"}],"author":[{"embeddable":true,"href":"https:\/\/agenciafever.com\/ca\/wp-json\/wp\/v2\/users\/2"}],"replies":[{"embeddable":true,"href":"https:\/\/agenciafever.com\/ca\/wp-json\/wp\/v2\/comments?post=53"}],"version-history":[{"count":2,"href":"https:\/\/agenciafever.com\/ca\/wp-json\/wp\/v2\/pages\/53\/revisions"}],"predecessor-version":[{"id":4184,"href":"https:\/\/agenciafever.com\/ca\/wp-json\/wp\/v2\/pages\/53\/revisions\/4184"}],"wp:attachment":[{"href":"https:\/\/agenciafever.com\/ca\/wp-json\/wp\/v2\/media?parent=53"}],"curies":[{"name":"wp","href":"https:\/\/api.w.org\/{rel}","templated":true}]}}